{"id":2144,"date":"2025-12-22T12:38:20","date_gmt":"2025-12-22T12:38:20","guid":{"rendered":"https:\/\/christinathomasdesigns.com\/services\/designer-interieur-montreal\/"},"modified":"2026-01-01T14:38:34","modified_gmt":"2026-01-01T14:38:34","slug":"interior-designer-montreal","status":"publish","type":"page","link":"https:\/\/christinathomasdesigns.com\/en\/interior-designer-montreal\/","title":{"rendered":"Designer d\u2019int\u00e9rieur \u00e0 Montr\u00e9al"},"content":{"rendered":"<p>&nbsp;<\/p>\n<p>&nbsp;<\/p>\n","protected":false},"excerpt":{"rendered":"<p>&nbsp; &nbsp;<\/p>\n","protected":false},"author":7,"featured_media":0,"parent":0,"menu_order":0,"comment_status":"closed","ping_status":"closed","template":"pge-single-service.php","meta":{"_acf_changed":false,"footnotes":""},"class_list":["post-2144","page","type-page","status-publish","hentry"],"acf":[],"_links":{"self":[{"href":"https:\/\/christinathomasdesigns.com\/en\/wp-json\/wp\/v2\/pages\/2144","targetHints":{"allow":["GET"]}}],"collection":[{"href":"https:\/\/christinathomasdesigns.com\/en\/wp-json\/wp\/v2\/pages"}],"about":[{"href":"https:\/\/christinathomasdesigns.com\/en\/wp-json\/wp\/v2\/types\/page"}],"author":[{"embeddable":true,"href":"https:\/\/christinathomasdesigns.com\/en\/wp-json\/wp\/v2\/users\/7"}],"replies":[{"embeddable":true,"href":"https:\/\/christinathomasdesigns.com\/en\/wp-json\/wp\/v2\/comments?post=2144"}],"version-history":[{"count":4,"href":"https:\/\/christinathomasdesigns.com\/en\/wp-json\/wp\/v2\/pages\/2144\/revisions"}],"predecessor-version":[{"id":2179,"href":"https:\/\/christinathomasdesigns.com\/en\/wp-json\/wp\/v2\/pages\/2144\/revisions\/2179"}],"wp:attachment":[{"href":"https:\/\/christinathomasdesigns.com\/en\/wp-json\/wp\/v2\/media?parent=2144"}],"curies":[{"name":"wp","href":"https:\/\/api.w.org\/{rel}","templated":true}]}}